{"id":92419,"date":"2016-10-13T00:00:00","date_gmt":"2016-10-13T00:00:00","guid":{"rendered":"https:\/\/www.chiroeco.com\/products\/product\/nutrim\/"},"modified":"2018-05-07T21:51:05","modified_gmt":"2018-05-07T21:51:05","slug":"nutrim","status":"publish","type":"product","link":"https:\/\/www.chiroeco.com\/products\/product\/nutrim\/","title":{"rendered":"Nutrim"},"content":{"rendered":"<p>&nbsp;<\/p>\n","protected":false},"excerpt":{"rendered":"<strong>Company: <\/strong>FutureCeuticals Direct<br><br><strong>Address: <\/strong>2692 N. State Rt. 1-17<br><br> <strong>Phone: <\/strong>800-862-0438<br><br> <strong>Web site: <\/strong><a href=\"http:\/\/www.futureceuticalsdirect.com\" target=\"_blank\">http:\/\/www.futureceuticalsdirect.com<\/a><br><br> <strong>Description: <\/strong>Nutrim may help remove more cholesterol. Its USDA-patented processing may release a portion of oats, \u00c3\u0178-glucans, making them more accessible to the body. \u00c3\u0178-glucans bind to fat and cholesterol from the diet and may also aid removal of cholesterol already in the body. \u00c3\u0178-glucans may feed good bacteria, which create substances that block cholesterol production.<br><br><strong>Features: <\/strong> <ul> <li>Unleash the power of oats for cholesterol<\/li> <li>100% natural and safe<\/li> <li>Nothing added to the product but what is found in oats<\/li> <li>Naturally aids removal of cholesterol<\/li> <li>Qualifies for FDA Heart Health Claim<\/li> <li>USDA Developed<\/li> <\/ul>","protected":false},"author":1,"featured_media":92420,"template":"","meta":{"_genesis_hide_title":false,"_genesis_hide_breadcrumbs":false,"_genesis_hide_singular_image":false,"_genesis_hide_footer_widgets":false,"_genesis_custom_body_class":"","_genesis_custom_post_class":"","_genesis_layout":""},"class_list":{"0":"post-92419","1":"product","2":"type-product","3":"status-publish","4":"has-post-thumbnail","6":"product_cat-nutrition-heart-health","7":"product_cat-nutrition","8":"wcpv_product_vendors-futureceuticals-direct","9":"entry","11":"first","12":"instock","13":"purchasable","14":"product-type-simple"},"_links":{"self":[{"href":"https:\/\/www.chiroeco.com\/products\/wp-json\/wp\/v2\/product\/92419","targetHints":{"allow":["GET"]}}],"collection":[{"href":"https:\/\/www.chiroeco.com\/products\/wp-json\/wp\/v2\/product"}],"about":[{"href":"https:\/\/www.chiroeco.com\/products\/wp-json\/wp\/v2\/types\/product"}],"author":[{"embeddable":true,"href":"https:\/\/www.chiroeco.com\/products\/wp-json\/wp\/v2\/users\/1"}],"wp:featuredmedia":[{"embeddable":true,"href":"https:\/\/www.chiroeco.com\/products\/wp-json\/wp\/v2\/media\/92420"}],"wp:attachment":[{"href":"https:\/\/www.chiroeco.com\/products\/wp-json\/wp\/v2\/media?parent=92419"}],"curies":[{"name":"wp","href":"https:\/\/api.w.org\/{rel}","templated":true}]}}